{"id":88,"date":"2024-09-18T08:20:32","date_gmt":"2024-09-18T08:20:32","guid":{"rendered":"https:\/\/stellar.sanzza.eu\/?page_id=88"},"modified":"2024-10-11T10:04:46","modified_gmt":"2024-10-11T10:04:46","slug":"mediacao-imobiliaria","status":"publish","type":"page","link":"https:\/\/stellar.sanzza.eu\/?page_id=88","title":{"rendered":"Media\u00e7\u00e3o Imobili\u00e1ria"},"content":{"rendered":"\t\t<div data-elementor-type=\"wp-page\" data-elementor-id=\"88\" class=\"elementor elementor-88\" data-elementor-post-type=\"page\">\n\t\t\t\t<div class=\"elementor-element elementor-element-bca7c89 e-con-full e-flex e-con e-parent\" data-id=\"bca7c89\" data-element_type=\"container\">\n\t\t<div class=\"elementor-element elementor-element-c316865 e-con-full elementor-hidden-tablet elementor-hidden-mobile e-flex e-con e-child\" data-id=\"c316865\" data-element_type=\"container\">\n\t\t\t\t<\/div>\n\t\t<div class=\"elementor-element elementor-element-2ca3f2a e-con-full e-flex e-con e-child\" data-id=\"2ca3f2a\" data-element_type=\"container\">\n\t\t\t\t<div class=\"elementor-element elementor-element-4148af5 elementor-widget__width-initial elementor-widget-mobile__width-inherit elementor-widget-laptop__width-inherit elementor-widget elementor-widget-heading\" data-id=\"4148af5\" data-element_type=\"widget\" data-widget_type=\"heading.default\">\n\t\t\t\t<div class=\"elementor-widget-container\">\n\t\t\t<h2 class=\"elementor-heading-title elementor-size-default\">Media\u00e7\u00e3o Imobili\u00e1ria<\/h2>\t\t<\/div>\n\t\t\t\t<\/div>\n\t\t<div class=\"elementor-element elementor-element-2a52d68 e-con-full e-flex e-con e-child\" data-id=\"2a52d68\" data-element_type=\"container\">\n\t\t<div class=\"elementor-element elementor-element-7faa122 e-con-full servicos-destaque e-flex e-con e-child\" data-id=\"7faa122\" data-element_type=\"container\">\n\t\t\t\t<div class=\"elementor-element elementor-element-63712f0 elementor-widget elementor-widget-heading\" data-id=\"63712f0\" data-element_type=\"widget\" data-widget_type=\"heading.default\">\n\t\t\t\t<div class=\"elementor-widget-container\">\n\t\t\t<h2 class=\"elementor-heading-title elementor-size-default\"><a href=\"https:\/\/stellar.sanzza.eu\/?categoria-mediacao=propriedades\">Propriedades<\/a><\/h2>\t\t<\/div>\n\t\t\t\t<\/div>\n\t\t\t\t<\/div>\n\t\t<div class=\"elementor-element elementor-element-1a1e45a e-con-full servicos-destaque e-flex e-con e-child\" data-id=\"1a1e45a\" data-element_type=\"container\" data-settings=\"{&quot;background_background&quot;:&quot;classic&quot;}\">\n\t\t\t\t<div class=\"elementor-element elementor-element-12ed9e8 elementor-widget elementor-widget-heading\" data-id=\"12ed9e8\" data-element_type=\"widget\" data-widget_type=\"heading.default\">\n\t\t\t\t<div class=\"elementor-widget-container\">\n\t\t\t<h2 class=\"elementor-heading-title elementor-size-default\"><a href=\"https:\/\/stellar.sanzza.eu\/?categoria-mediacao=propriedades-de-assinatura\">Propriedades\nde Assinatura<\/a><\/h2>\t\t<\/div>\n\t\t\t\t<\/div>\n\t\t\t\t<\/div>\n\t\t\t\t<\/div>\n\t\t\t\t<\/div>\n\t\t<div class=\"elementor-element elementor-element-40162d1 e-con-full elementor-hidden-tablet elementor-hidden-mobile e-flex e-con e-child\" data-id=\"40162d1\" data-element_type=\"container\">\n\t\t\t\t<\/div>\n\t\t\t\t<\/div>\n\t\t\t\t<\/div>\n\t\t","protected":false},"excerpt":{"rendered":"<p>Propriedades Propriedades de Assinatura<\/p>\n","protected":false},"author":1,"featured_media":0,"parent":0,"menu_order":0,"comment_status":"closed","ping_status":"closed","template":"","meta":{"_acf_changed":false,"footnotes":""},"class_list":["post-88","page","type-page","status-publish","hentry"],"acf":[],"_links":{"self":[{"href":"https:\/\/stellar.sanzza.eu\/index.php?rest_route=\/wp\/v2\/pages\/88","targetHints":{"allow":["GET"]}}],"collection":[{"href":"https:\/\/stellar.sanzza.eu\/index.php?rest_route=\/wp\/v2\/pages"}],"about":[{"href":"https:\/\/stellar.sanzza.eu\/index.php?rest_route=\/wp\/v2\/types\/page"}],"author":[{"embeddable":true,"href":"https:\/\/stellar.sanzza.eu\/index.php?rest_route=\/wp\/v2\/users\/1"}],"replies":[{"embeddable":true,"href":"https:\/\/stellar.sanzza.eu\/index.php?rest_route=%2Fwp%2Fv2%2Fcomments&post=88"}],"version-history":[{"count":19,"href":"https:\/\/stellar.sanzza.eu\/index.php?rest_route=\/wp\/v2\/pages\/88\/revisions"}],"predecessor-version":[{"id":2013,"href":"https:\/\/stellar.sanzza.eu\/index.php?rest_route=\/wp\/v2\/pages\/88\/revisions\/2013"}],"wp:attachment":[{"href":"https:\/\/stellar.sanzza.eu\/index.php?rest_route=%2Fwp%2Fv2%2Fmedia&parent=88"}],"curies":[{"name":"wp","href":"https:\/\/api.w.org\/{rel}","templated":true}]}}