{"id":724,"date":"2024-10-07T14:50:00","date_gmt":"2024-10-07T14:50:00","guid":{"rendered":"https:\/\/stellar.sanzza.eu\/?page_id=724"},"modified":"2024-10-11T10:03:31","modified_gmt":"2024-10-11T10:03:31","slug":"regiao","status":"publish","type":"page","link":"https:\/\/stellar.sanzza.eu\/?page_id=724","title":{"rendered":"Regi\u00e3o"},"content":{"rendered":"\t\t<div data-elementor-type=\"wp-page\" data-elementor-id=\"724\" class=\"elementor elementor-724\" data-elementor-post-type=\"page\">\n\t\t\t\t<div class=\"elementor-element elementor-element-0887e30 e-con-full banner-top-page e-flex e-con e-parent\" data-id=\"0887e30\" data-element_type=\"container\" data-settings=\"{&quot;background_background&quot;:&quot;classic&quot;}\">\n\t\t\t\t<div class=\"elementor-element elementor-element-e996a61 elementor-widget elementor-widget-template\" data-id=\"e996a61\" data-element_type=\"widget\" data-widget_type=\"template.default\">\n\t\t\t\t<div class=\"elementor-widget-container\">\n\t\t\t\t\t<div class=\"elementor-template\">\n\t\t\t\t\t<div data-elementor-type=\"section\" data-elementor-id=\"1173\" class=\"elementor elementor-1173\" data-elementor-post-type=\"elementor_library\">\n\t\t\t<header class=\"elementor-element elementor-element-66cc579 e-con-full e-flex e-con e-parent\" data-id=\"66cc579\" data-element_type=\"container\" data-settings=\"{&quot;background_background&quot;:&quot;classic&quot;}\">\n\t\t<div class=\"elementor-element elementor-element-7494843 e-con-full e-flex e-con e-child\" data-id=\"7494843\" data-element_type=\"container\">\n\t\t\t\t<div class=\"elementor-element elementor-element-0b29ce3 elementor-widget__width-initial elementor-widget elementor-widget-image\" data-id=\"0b29ce3\" data-element_type=\"widget\" data-widget_type=\"image.default\">\n\t\t\t\t<div class=\"elementor-widget-container\">\n\t\t\t\t\t\t\t\t\t\t\t\t\t\t<a href=\"https:\/\/stellar.sanzza.eu\">\n\t\t\t\t\t\t\t<img fetchpriority=\"high\" decoding=\"async\" width=\"1002\" height=\"314\" src=\"https:\/\/stellar.sanzza.eu\/wp-content\/uploads\/2024\/09\/LOGOTIPO-STELLAR-BRANCO.png\" class=\"attachment-full size-full wp-image-15\" alt=\"\" srcset=\"https:\/\/stellar.sanzza.eu\/wp-content\/uploads\/2024\/09\/LOGOTIPO-STELLAR-BRANCO.png 1002w, https:\/\/stellar.sanzza.eu\/wp-content\/uploads\/2024\/09\/LOGOTIPO-STELLAR-BRANCO-300x94.png 300w, https:\/\/stellar.sanzza.eu\/wp-content\/uploads\/2024\/09\/LOGOTIPO-STELLAR-BRANCO-768x241.png 768w, https:\/\/stellar.sanzza.eu\/wp-content\/uploads\/2024\/09\/elementor\/thumbs\/LOGOTIPO-STELLAR-BRANCO-qu06tds2pzfts13p7blpqc2qidtb9k4jpw7uo97rni.png 163w\" sizes=\"(max-width: 1002px) 100vw, 1002px\" \/>\t\t\t\t\t\t\t\t<\/a>\n\t\t\t\t\t\t\t\t\t\t\t\t\t<\/div>\n\t\t\t\t<\/div>\n\t\t\t\t<\/div>\n\t\t<div class=\"elementor-element elementor-element-03f56cf e-con-full elementor-hidden-tablet elementor-hidden-mobile e-flex e-con e-child\" data-id=\"03f56cf\" data-element_type=\"container\">\n\t\t\t\t<div class=\"elementor-element elementor-element-c97c2f8 elementor-widget__width-initial elementor-icon-list--layout-traditional elementor-list-item-link-full_width elementor-widget elementor-widget-icon-list\" data-id=\"c97c2f8\" data-element_type=\"widget\" data-widget_type=\"icon-list.default\">\n\t\t\t\t<div class=\"elementor-widget-container\">\n\t\t\t\t\t<ul class=\"elementor-icon-list-items\">\n\t\t\t\t\t\t\t<li class=\"elementor-icon-list-item\">\n\t\t\t\t\t\t\t\t\t\t\t<span class=\"elementor-icon-list-icon\">\n\t\t\t\t\t\t\t<svg aria-hidden=\"true\" class=\"e-font-icon-svg e-fas-circle\" viewBox=\"0 0 512 512\" xmlns=\"http:\/\/www.w3.org\/2000\/svg\"><path d=\"M256 8C119 8 8 119 8 256s111 248 248 248 248-111 248-248S393 8 256 8z\"><\/path><\/svg>\t\t\t\t\t\t<\/span>\n\t\t\t\t\t\t\t\t\t\t<span class=\"elementor-icon-list-text\">Apoio ao Investimento<\/span>\n\t\t\t\t\t\t\t\t\t<\/li>\n\t\t\t\t\t\t<\/ul>\n\t\t\t\t<\/div>\n\t\t\t\t<\/div>\n\t\t\t\t<div class=\"elementor-element elementor-element-95a4f0b elementor-widget__width-initial elementor-icon-list--layout-traditional elementor-list-item-link-full_width elementor-widget elementor-widget-icon-list\" data-id=\"95a4f0b\" data-element_type=\"widget\" data-widget_type=\"icon-list.default\">\n\t\t\t\t<div class=\"elementor-widget-container\">\n\t\t\t\t\t<ul class=\"elementor-icon-list-items\">\n\t\t\t\t\t\t\t<li class=\"elementor-icon-list-item\">\n\t\t\t\t\t\t\t\t\t\t\t<span class=\"elementor-icon-list-icon\">\n\t\t\t\t\t\t\t<svg aria-hidden=\"true\" class=\"e-font-icon-svg e-fas-circle\" viewBox=\"0 0 512 512\" xmlns=\"http:\/\/www.w3.org\/2000\/svg\"><path d=\"M256 8C119 8 8 119 8 256s111 248 248 248 248-111 248-248S393 8 256 8z\"><\/path><\/svg>\t\t\t\t\t\t<\/span>\n\t\t\t\t\t\t\t\t\t\t<span class=\"elementor-icon-list-text\">Media\u00e7\u00e3o Imobili\u00e1ria<\/span>\n\t\t\t\t\t\t\t\t\t<\/li>\n\t\t\t\t\t\t<\/ul>\n\t\t\t\t<\/div>\n\t\t\t\t<\/div>\n\t\t\t\t<div class=\"elementor-element elementor-element-a6322df elementor-widget__width-initial elementor-icon-list--layout-traditional elementor-list-item-link-full_width elementor-widget elementor-widget-icon-list\" data-id=\"a6322df\" data-element_type=\"widget\" data-widget_type=\"icon-list.default\">\n\t\t\t\t<div class=\"elementor-widget-container\">\n\t\t\t\t\t<ul class=\"elementor-icon-list-items\">\n\t\t\t\t\t\t\t<li class=\"elementor-icon-list-item\">\n\t\t\t\t\t\t\t\t\t\t\t<span class=\"elementor-icon-list-icon\">\n\t\t\t\t\t\t\t<svg aria-hidden=\"true\" class=\"e-font-icon-svg e-fas-circle\" viewBox=\"0 0 512 512\" xmlns=\"http:\/\/www.w3.org\/2000\/svg\"><path d=\"M256 8C119 8 8 119 8 256s111 248 248 248 248-111 248-248S393 8 256 8z\"><\/path><\/svg>\t\t\t\t\t\t<\/span>\n\t\t\t\t\t\t\t\t\t\t<span class=\"elementor-icon-list-text\">Alugueres Tur\u00edsticos<\/span>\n\t\t\t\t\t\t\t\t\t<\/li>\n\t\t\t\t\t\t<\/ul>\n\t\t\t\t<\/div>\n\t\t\t\t<\/div>\n\t\t\t\t<div class=\"elementor-element elementor-element-8d2ea17 elementor-widget__width-initial elementor-icon-list--layout-traditional elementor-list-item-link-full_width elementor-widget elementor-widget-icon-list\" data-id=\"8d2ea17\" data-element_type=\"widget\" data-widget_type=\"icon-list.default\">\n\t\t\t\t<div class=\"elementor-widget-container\">\n\t\t\t\t\t<ul class=\"elementor-icon-list-items\">\n\t\t\t\t\t\t\t<li class=\"elementor-icon-list-item\">\n\t\t\t\t\t\t\t\t\t\t\t<span class=\"elementor-icon-list-icon\">\n\t\t\t\t\t\t\t<svg aria-hidden=\"true\" class=\"e-font-icon-svg e-fas-circle\" viewBox=\"0 0 512 512\" xmlns=\"http:\/\/www.w3.org\/2000\/svg\"><path d=\"M256 8C119 8 8 119 8 256s111 248 248 248 248-111 248-248S393 8 256 8z\"><\/path><\/svg>\t\t\t\t\t\t<\/span>\n\t\t\t\t\t\t\t\t\t\t<span class=\"elementor-icon-list-text\">Gest\u00e3o de Propriedades<\/span>\n\t\t\t\t\t\t\t\t\t<\/li>\n\t\t\t\t\t\t<\/ul>\n\t\t\t\t<\/div>\n\t\t\t\t<\/div>\n\t\t\t\t<\/div>\n\t\t<div class=\"elementor-element elementor-element-b0b4fd3 e-con-full e-flex e-con e-child\" data-id=\"b0b4fd3\" data-element_type=\"container\" data-settings=\"{&quot;background_background&quot;:&quot;classic&quot;}\">\n\t\t\t\t<div class=\"elementor-element elementor-element-3d85360 elementor-view-default elementor-widget elementor-widget-icon\" data-id=\"3d85360\" data-element_type=\"widget\" data-widget_type=\"icon.default\">\n\t\t\t\t<div class=\"elementor-widget-container\">\n\t\t\t\t\t<div class=\"elementor-icon-wrapper\">\n\t\t\t<a class=\"elementor-icon\" href=\"#elementor-action%3Aaction%3Dpopup%3Aopen%26settings%3DeyJpZCI6Ijc4MiIsInRvZ2dsZSI6ZmFsc2V9\">\n\t\t\t<svg aria-hidden=\"true\" class=\"e-font-icon-svg e-fas-bars\" viewBox=\"0 0 448 512\" xmlns=\"http:\/\/www.w3.org\/2000\/svg\"><path d=\"M16 132h416c8.837 0 16-7.163 16-16V76c0-8.837-7.163-16-16-16H16C7.163 60 0 67.163 0 76v40c0 8.837 7.163 16 16 16zm0 160h416c8.837 0 16-7.163 16-16v-40c0-8.837-7.163-16-16-16H16c-8.837 0-16 7.163-16 16v40c0 8.837 7.163 16 16 16zm0 160h416c8.837 0 16-7.163 16-16v-40c0-8.837-7.163-16-16-16H16c-8.837 0-16 7.163-16 16v40c0 8.837 7.163 16 16 16z\"><\/path><\/svg>\t\t\t<\/a>\n\t\t<\/div>\n\t\t\t\t<\/div>\n\t\t\t\t<\/div>\n\t\t\t\t<\/div>\n\t\t\t\t<\/header>\n\t\t\t\t<\/div>\n\t\t\t\t<\/div>\n\t\t\t\t<\/div>\n\t\t\t\t<\/div>\n\t\t\t\t<div class=\"elementor-element elementor-element-123333e elementor-absolute e-transform elementor-widget-divider--view-line elementor-widget elementor-widget-divider\" data-id=\"123333e\" data-element_type=\"widget\" data-settings=\"{&quot;_position&quot;:&quot;absolute&quot;,&quot;_transform_rotateZ_effect&quot;:{&quot;unit&quot;:&quot;px&quot;,&quot;size&quot;:&quot;&quot;,&quot;sizes&quot;:[]},&quot;_transform_rotateZ_effect_laptop&quot;:{&quot;unit&quot;:&quot;deg&quot;,&quot;size&quot;:&quot;&quot;,&quot;sizes&quot;:[]},&quot;_transform_rotateZ_effect_tablet&quot;:{&quot;unit&quot;:&quot;deg&quot;,&quot;size&quot;:&quot;&quot;,&quot;sizes&quot;:[]},&quot;_transform_rotateZ_effect_mobile&quot;:{&quot;unit&quot;:&quot;deg&quot;,&quot;size&quot;:&quot;&quot;,&quot;sizes&quot;:[]}}\" data-widget_type=\"divider.default\">\n\t\t\t\t<div class=\"elementor-widget-container\">\n\t\t\t\t\t<div class=\"elementor-divider\">\n\t\t\t<span class=\"elementor-divider-separator\">\n\t\t\t\t\t\t<\/span>\n\t\t<\/div>\n\t\t\t\t<\/div>\n\t\t\t\t<\/div>\n\t\t\t\t<div class=\"elementor-element elementor-element-32ce80e elementor-widget__width-initial elementor-widget-mobile__width-inherit elementor-widget elementor-widget-heading\" data-id=\"32ce80e\" data-element_type=\"widget\" data-widget_type=\"heading.default\">\n\t\t\t\t<div class=\"elementor-widget-container\">\n\t\t\t<h2 class=\"elementor-heading-title elementor-size-default\">Regi\u00e3o<\/h2>\t\t<\/div>\n\t\t\t\t<\/div>\n\t\t\t\t<\/div>\n\t\t<div class=\"elementor-element elementor-element-3f0c174 e-con-full e-flex e-con e-parent\" data-id=\"3f0c174\" data-element_type=\"container\">\n\t\t<div class=\"elementor-element elementor-element-b19b194 e-con-full e-flex e-con e-child\" data-id=\"b19b194\" data-element_type=\"container\">\n\t\t\t\t<div class=\"elementor-element elementor-element-b116409 elementor-widget elementor-widget-image\" data-id=\"b116409\" data-element_type=\"widget\" data-settings=\"{&quot;sticky&quot;:&quot;top&quot;,&quot;sticky_parent&quot;:&quot;yes&quot;,&quot;sticky_on&quot;:[&quot;desktop&quot;,&quot;laptop&quot;,&quot;tablet&quot;,&quot;mobile&quot;],&quot;sticky_offset&quot;:0,&quot;sticky_effects_offset&quot;:0}\" data-widget_type=\"image.default\">\n\t\t\t\t<div class=\"elementor-widget-container\">\n\t\t\t\t\t\t\t\t\t\t\t\t\t<img decoding=\"async\" width=\"828\" height=\"470\" src=\"https:\/\/stellar.sanzza.eu\/wp-content\/uploads\/2024\/10\/depositphotos_373177940-stock-photo-famous-historic-lighthouse-carvoeiro.png\" class=\"attachment-full size-full wp-image-729\" alt=\"\" srcset=\"https:\/\/stellar.sanzza.eu\/wp-content\/uploads\/2024\/10\/depositphotos_373177940-stock-photo-famous-historic-lighthouse-carvoeiro.png 828w, https:\/\/stellar.sanzza.eu\/wp-content\/uploads\/2024\/10\/depositphotos_373177940-stock-photo-famous-historic-lighthouse-carvoeiro-300x170.png 300w, https:\/\/stellar.sanzza.eu\/wp-content\/uploads\/2024\/10\/depositphotos_373177940-stock-photo-famous-historic-lighthouse-carvoeiro-768x436.png 768w\" sizes=\"(max-width: 828px) 100vw, 828px\" \/>\t\t\t\t\t\t\t\t\t\t\t\t\t<\/div>\n\t\t\t\t<\/div>\n\t\t\t\t<\/div>\n\t\t<div class=\"elementor-element elementor-element-f782f6f e-con-full e-flex e-con e-child\" data-id=\"f782f6f\" data-element_type=\"container\">\n\t\t\t\t<div class=\"elementor-element elementor-element-4dd777c elementor-widget__width-initial elementor-widget-tablet__width-inherit elementor-widget elementor-widget-heading\" data-id=\"4dd777c\" data-element_type=\"widget\" data-widget_type=\"heading.default\">\n\t\t\t\t<div class=\"elementor-widget-container\">\n\t\t\t<h2 class=\"elementor-heading-title elementor-size-default\">A Hist\u00f3ria \nda regi\u00e3o<\/h2>\t\t<\/div>\n\t\t\t\t<\/div>\n\t\t\t\t<div class=\"elementor-element elementor-element-a073876 elementor-widget__width-initial elementor-widget-tablet__width-inherit maiuscula elementor-widget elementor-widget-text-editor\" data-id=\"a073876\" data-element_type=\"widget\" data-widget_type=\"text-editor.default\">\n\t\t\t\t<div class=\"elementor-widget-container\">\n\t\t\t\t\t\t\t<p>Lorem ipsum dolor sit amet, consetetur sadipscing elitr, sed diam nonumy eirmod tempor invidunt ut labore et dolore magna aliquyam erat, sed diam voluptua. At vero eos et accusam et justo duo dolores et ea rebum. Stet clita kasd gubergren, no sea takimata sanctus est Lorem ipsum dolor sit amet. Lorem ipsum dolor sit amet, consetetur sadipscing elitr, sed diam nonumy eirmod tempor invidunt ut labore et dolore magna aliquyam erat, sed diam voluptua. At vero eos et accusam et justo duo dolores et ea rebum. Stet clita kasd gubergren, no sea takimata sanctus est Lorem ipsum dolor sit amet.<\/p>\t\t\t\t\t\t<\/div>\n\t\t\t\t<\/div>\n\t\t\t\t<\/div>\n\t\t\t\t<\/div>\n\t\t<div class=\"elementor-element elementor-element-570c998 e-con-full e-flex e-con e-parent\" data-id=\"570c998\" data-element_type=\"container\">\n\t\t<div class=\"elementor-element elementor-element-a5db8b7 e-con-full e-flex e-con e-child\" data-id=\"a5db8b7\" data-element_type=\"container\">\n\t\t\t\t<div class=\"elementor-element elementor-element-3b7bcae elementor-widget__width-initial elementor-widget-tablet__width-inherit maiuscula elementor-widget elementor-widget-text-editor\" data-id=\"3b7bcae\" data-element_type=\"widget\" data-widget_type=\"text-editor.default\">\n\t\t\t\t<div class=\"elementor-widget-container\">\n\t\t\t\t\t\t\tLorem ipsum dolor sit amet, consetetur sadipscing elitr, sed diam nonumy eirmod tempor invidunt ut labore et dolore magna aliquyam erat, sed diam voluptua. At vero eos et accusam et justo duo dolores et ea rebum. Stet clita kasd gubergren, no sea takimata sanctus est Lorem ipsum dolor sit amet. Lorem ipsum dolor sit amet, consetetur sadipscing elitr, sed diam nonumy eirmod tempor invidunt ut labore et dolore magna aliquyam erat, sed diam voluptua. At vero eos et accusam et justo duo dolores et ea rebum. Stet clita kasd gubergren, no sea takimata sanctus est Lorem ipsum dolor sit amet. \t\t\t\t\t\t<\/div>\n\t\t\t\t<\/div>\n\t\t\t\t<\/div>\n\t\t<div class=\"elementor-element elementor-element-abd1a0b e-con-full e-flex e-con e-child\" data-id=\"abd1a0b\" data-element_type=\"container\">\n\t\t\t\t<div class=\"elementor-element elementor-element-1429da3 elementor-widget elementor-widget-image\" data-id=\"1429da3\" data-element_type=\"widget\" data-widget_type=\"image.default\">\n\t\t\t\t<div class=\"elementor-widget-container\">\n\t\t\t\t\t\t\t\t\t\t\t\t\t<img decoding=\"async\" width=\"417\" height=\"476\" src=\"https:\/\/stellar.sanzza.eu\/wp-content\/uploads\/2024\/10\/depositphotos_564305440-stock-photo-narrow-street-portuguese-town-portalegre.png\" class=\"attachment-large size-large wp-image-730\" alt=\"\" srcset=\"https:\/\/stellar.sanzza.eu\/wp-content\/uploads\/2024\/10\/depositphotos_564305440-stock-photo-narrow-street-portuguese-town-portalegre.png 417w, https:\/\/stellar.sanzza.eu\/wp-content\/uploads\/2024\/10\/depositphotos_564305440-stock-photo-narrow-street-portuguese-town-portalegre-263x300.png 263w\" sizes=\"(max-width: 417px) 100vw, 417px\" \/>\t\t\t\t\t\t\t\t\t\t\t\t\t<\/div>\n\t\t\t\t<\/div>\n\t\t\t\t<\/div>\n\t\t\t\t<\/div>\n\t\t<div class=\"elementor-element elementor-element-97425aa e-con-full e-flex e-con e-parent\" data-id=\"97425aa\" data-element_type=\"container\" data-settings=\"{&quot;background_background&quot;:&quot;classic&quot;}\">\n\t\t<div class=\"elementor-element elementor-element-fcba63f e-con-full e-flex e-con e-child\" data-id=\"fcba63f\" data-element_type=\"container\" data-settings=\"{&quot;background_background&quot;:&quot;classic&quot;}\">\n\t\t\t\t<\/div>\n\t\t<div class=\"elementor-element elementor-element-58483e6 e-con-full e-flex e-con e-child\" data-id=\"58483e6\" data-element_type=\"container\">\n\t\t\t\t<div class=\"elementor-element elementor-element-3468b32 elementor-widget elementor-widget-image\" data-id=\"3468b32\" data-element_type=\"widget\" data-widget_type=\"image.default\">\n\t\t\t\t<div class=\"elementor-widget-container\">\n\t\t\t\t\t\t\t\t\t\t\t\t\t<img loading=\"lazy\" decoding=\"async\" width=\"552\" height=\"397\" src=\"https:\/\/stellar.sanzza.eu\/wp-content\/uploads\/2024\/10\/vinicius-morandi-Vbr8f9vS-84-unsplash.png\" class=\"attachment-full size-full wp-image-248\" alt=\"\" srcset=\"https:\/\/stellar.sanzza.eu\/wp-content\/uploads\/2024\/10\/vinicius-morandi-Vbr8f9vS-84-unsplash.png 552w, https:\/\/stellar.sanzza.eu\/wp-content\/uploads\/2024\/10\/vinicius-morandi-Vbr8f9vS-84-unsplash-300x216.png 300w\" sizes=\"(max-width: 552px) 100vw, 552px\" \/>\t\t\t\t\t\t\t\t\t\t\t\t\t<\/div>\n\t\t\t\t<\/div>\n\t\t<div class=\"elementor-element elementor-element-87c6b5d e-con-full e-flex e-con e-child\" data-id=\"87c6b5d\" data-element_type=\"container\">\n\t\t<div class=\"elementor-element elementor-element-435afbe e-con-full e-flex e-con e-child\" data-id=\"435afbe\" data-element_type=\"container\">\n\t\t\t\t<div class=\"elementor-element elementor-element-64c3c34 elementor-widget elementor-widget-heading\" data-id=\"64c3c34\" data-element_type=\"widget\" data-widget_type=\"heading.default\">\n\t\t\t\t<div class=\"elementor-widget-container\">\n\t\t\t<h2 class=\"elementor-heading-title elementor-size-default\">Pontos de interesse \nno Algarve<\/h2>\t\t<\/div>\n\t\t\t\t<\/div>\n\t\t\t\t<\/div>\n\t\t<div class=\"elementor-element elementor-element-d35a85e e-con-full e-flex e-con e-child\" data-id=\"d35a85e\" data-element_type=\"container\">\n\t\t\t\t<div class=\"elementor-element elementor-element-b737180 elementor-widget__width-initial elementor-widget-laptop__width-inherit maiuscula elementor-widget elementor-widget-text-editor\" data-id=\"b737180\" data-element_type=\"widget\" data-widget_type=\"text-editor.default\">\n\t\t\t\t<div class=\"elementor-widget-container\">\n\t\t\t\t\t\t\tLorem ipsum dolor sit amet, consetetur sadipscing elitr, sed diam nonumy eirmod tempor invidunt ut labore et dolore magna aliquyam erat, sed diam voluptua. At vero eos et accusam et justo duo .Lorem ipsum dolor sit amet, consetetur sadipscing elitr, sed diam nonumy eirmod tempor invidunt ut labore et dolore magna aliquyam erat, sed diam voluptua. At vero eos et.Lorem ipsum dolor sit amet, consetetur sadipscing elitr, sed diam nonumy eirmod tempor invidunt ut labore et dolore magna aliquyam erat, sed diam voluptua. At vero eos et accusam et justo duo .Lorem ipsum dolor sit amet, consetetur sadipscing elitr, sed diam nonumy eirmod .\t\t\t\t\t\t<\/div>\n\t\t\t\t<\/div>\n\t\t\t\t<\/div>\n\t\t\t\t<\/div>\n\t\t\t\t<\/div>\n\t\t\t\t<\/div>\n\t\t<div class=\"elementor-element elementor-element-0e1ec38 e-con-full e-flex e-con e-parent\" data-id=\"0e1ec38\" data-element_type=\"container\" data-settings=\"{&quot;background_background&quot;:&quot;classic&quot;}\">\n\t\t<div class=\"elementor-element elementor-element-8836b9a e-con-full e-flex e-con e-child\" data-id=\"8836b9a\" data-element_type=\"container\">\n\t\t\t\t<div class=\"elementor-element elementor-element-acfc174 elementor-widget elementor-widget-heading\" data-id=\"acfc174\" data-element_type=\"widget\" data-widget_type=\"heading.default\">\n\t\t\t\t<div class=\"elementor-widget-container\">\n\t\t\t<h2 class=\"elementor-heading-title elementor-size-default\">Gastronomia<\/h2>\t\t<\/div>\n\t\t\t\t<\/div>\n\t\t\t\t<div class=\"elementor-element elementor-element-10dc18f elementor-widget__width-initial elementor-widget-laptop__width-inherit maiuscula elementor-widget elementor-widget-text-editor\" data-id=\"10dc18f\" data-element_type=\"widget\" data-widget_type=\"text-editor.default\">\n\t\t\t\t<div class=\"elementor-widget-container\">\n\t\t\t\t\t\t\tLorem ipsum dolor sit amet, consetetur sadipscing elitr, sed diam nonumy eirmod tempor invidunt ut labore et dolore magna aliquyam erat, sed diam voluptua. At vero eos et accusam et justo duo .Lorem ipsum dolor sit amet, consetetur sadipscing elitr, sed diam nonumy eirmod tempor invidunt ut labore et dolore magna aliquyam erat, sed diam voluptua. At vero eos et.Lorem ipsum dolor sit amet, consetetur sadipscing elitr, sed diam nonumy eirmod tempor invidunt ut labore et dolore magna aliquyam erat, sed diam voluptua. At vero eos et accusam et justo duo .Lorem ipsum dolor sit amet, consetetur sadipscing elitr, sed diam nonumy eirmod .\t\t\t\t\t\t<\/div>\n\t\t\t\t<\/div>\n\t\t\t\t<\/div>\n\t\t<div class=\"elementor-element elementor-element-7d544ff e-con-full e-flex e-con e-child\" data-id=\"7d544ff\" data-element_type=\"container\">\n\t\t\t\t<div class=\"elementor-element elementor-element-b6e15a8 elementor-widget elementor-widget-image\" data-id=\"b6e15a8\" data-element_type=\"widget\" data-settings=\"{&quot;sticky&quot;:&quot;top&quot;,&quot;sticky_on&quot;:[&quot;laptop&quot;,&quot;tablet&quot;],&quot;sticky_offset_tablet&quot;:100,&quot;sticky_parent&quot;:&quot;yes&quot;,&quot;sticky_offset&quot;:0,&quot;sticky_effects_offset&quot;:0}\" data-widget_type=\"image.default\">\n\t\t\t\t<div class=\"elementor-widget-container\">\n\t\t\t\t\t\t\t\t\t\t\t\t\t<img loading=\"lazy\" decoding=\"async\" width=\"800\" height=\"462\" src=\"https:\/\/stellar.sanzza.eu\/wp-content\/uploads\/2024\/10\/nick-karvounis-AJCN8dyd_7w-unsplash.png\" class=\"attachment-large size-large wp-image-731\" alt=\"\" srcset=\"https:\/\/stellar.sanzza.eu\/wp-content\/uploads\/2024\/10\/nick-karvounis-AJCN8dyd_7w-unsplash.png 814w, https:\/\/stellar.sanzza.eu\/wp-content\/uploads\/2024\/10\/nick-karvounis-AJCN8dyd_7w-unsplash-300x173.png 300w, https:\/\/stellar.sanzza.eu\/wp-content\/uploads\/2024\/10\/nick-karvounis-AJCN8dyd_7w-unsplash-768x443.png 768w\" sizes=\"(max-width: 800px) 100vw, 800px\" \/>\t\t\t\t\t\t\t\t\t\t\t\t\t<\/div>\n\t\t\t\t<\/div>\n\t\t\t\t<\/div>\n\t\t\t\t<\/div>\n\t\t<div class=\"elementor-element elementor-element-aee0830 e-con-full e-flex e-con e-parent\" data-id=\"aee0830\" data-element_type=\"container\">\n\t\t<div class=\"elementor-element elementor-element-298240f e-con-full e-flex e-con e-child\" data-id=\"298240f\" data-element_type=\"container\">\n\t\t\t\t<div class=\"elementor-element elementor-element-b702fe6 elementor-widget elementor-widget-image\" data-id=\"b702fe6\" data-element_type=\"widget\" data-settings=\"{&quot;sticky&quot;:&quot;top&quot;,&quot;sticky_parent&quot;:&quot;yes&quot;,&quot;sticky_on&quot;:[&quot;desktop&quot;,&quot;laptop&quot;,&quot;tablet&quot;,&quot;mobile&quot;],&quot;sticky_offset&quot;:0,&quot;sticky_effects_offset&quot;:0}\" data-widget_type=\"image.default\">\n\t\t\t\t<div class=\"elementor-widget-container\">\n\t\t\t\t\t\t\t\t\t\t\t\t\t<img loading=\"lazy\" decoding=\"async\" width=\"828\" height=\"470\" src=\"https:\/\/stellar.sanzza.eu\/wp-content\/uploads\/2024\/10\/reiseuhu-4MN23MOmOAY-unsplash.png\" class=\"attachment-full size-full wp-image-732\" alt=\"\" srcset=\"https:\/\/stellar.sanzza.eu\/wp-content\/uploads\/2024\/10\/reiseuhu-4MN23MOmOAY-unsplash.png 828w, https:\/\/stellar.sanzza.eu\/wp-content\/uploads\/2024\/10\/reiseuhu-4MN23MOmOAY-unsplash-300x170.png 300w, https:\/\/stellar.sanzza.eu\/wp-content\/uploads\/2024\/10\/reiseuhu-4MN23MOmOAY-unsplash-768x436.png 768w\" sizes=\"(max-width: 828px) 100vw, 828px\" \/>\t\t\t\t\t\t\t\t\t\t\t\t\t<\/div>\n\t\t\t\t<\/div>\n\t\t\t\t<\/div>\n\t\t<div class=\"elementor-element elementor-element-1616711 e-con-full e-flex e-con e-child\" data-id=\"1616711\" data-element_type=\"container\">\n\t\t\t\t<div class=\"elementor-element elementor-element-e946509 elementor-widget__width-initial elementor-widget-tablet__width-inherit elementor-widget elementor-widget-heading\" data-id=\"e946509\" data-element_type=\"widget\" data-widget_type=\"heading.default\">\n\t\t\t\t<div class=\"elementor-widget-container\">\n\t\t\t<h2 class=\"elementor-heading-title elementor-size-default\">Atividades \ne Eventos<\/h2>\t\t<\/div>\n\t\t\t\t<\/div>\n\t\t\t\t<div class=\"elementor-element elementor-element-478d9f7 elementor-widget__width-initial elementor-widget-tablet__width-inherit maiuscula elementor-widget elementor-widget-text-editor\" data-id=\"478d9f7\" data-element_type=\"widget\" data-widget_type=\"text-editor.default\">\n\t\t\t\t<div class=\"elementor-widget-container\">\n\t\t\t\t\t\t\t<p>Lorem ipsum dolor sit amet, consetetur sadipscing elitr, sed diam nonumy eirmod tempor invidunt ut labore et dolore magna aliquyam erat, sed diam voluptua. At vero eos et accusam et justo duo dolores et ea rebum. Stet clita kasd gubergren, no sea takimata sanctus est Lorem ipsum dolor sit amet. Lorem ipsum dolor sit amet, consetetur sadipscing elitr, sed diam nonumy eirmod tempor invidunt ut labore et dolore magna aliquyam erat, sed diam voluptua. At vero eos et accusam et justo duo dolores et ea rebum. Stet clita kasd gubergren, no sea takimata sanctus est Lorem ipsum dolor sit amet.<\/p>\t\t\t\t\t\t<\/div>\n\t\t\t\t<\/div>\n\t\t\t\t<\/div>\n\t\t\t\t<\/div>\n\t\t\t\t<\/div>\n\t\t","protected":false},"excerpt":{"rendered":"<p>A Hist\u00f3ria da regi\u00e3o Lorem ipsum dolor sit amet, consetetur sadipscing elitr, sed diam nonumy eirmod tempor invidunt ut labore et dolore magna aliquyam erat, sed diam voluptua. At vero eos et accusam et justo duo dolores et ea rebum. Stet clita kasd gubergren, no sea takimata sanctus est Lorem ipsum dolor sit amet. Lorem [&hellip;]<\/p>\n","protected":false},"author":1,"featured_media":737,"parent":0,"menu_order":0,"comment_status":"closed","ping_status":"closed","template":"","meta":{"_acf_changed":false,"footnotes":""},"class_list":["post-724","page","type-page","status-publish","has-post-thumbnail","hentry"],"acf":[],"_links":{"self":[{"href":"https:\/\/stellar.sanzza.eu\/index.php?rest_route=\/wp\/v2\/pages\/724","targetHints":{"allow":["GET"]}}],"collection":[{"href":"https:\/\/stellar.sanzza.eu\/index.php?rest_route=\/wp\/v2\/pages"}],"about":[{"href":"https:\/\/stellar.sanzza.eu\/index.php?rest_route=\/wp\/v2\/types\/page"}],"author":[{"embeddable":true,"href":"https:\/\/stellar.sanzza.eu\/index.php?rest_route=\/wp\/v2\/users\/1"}],"replies":[{"embeddable":true,"href":"https:\/\/stellar.sanzza.eu\/index.php?rest_route=%2Fwp%2Fv2%2Fcomments&post=724"}],"version-history":[{"count":106,"href":"https:\/\/stellar.sanzza.eu\/index.php?rest_route=\/wp\/v2\/pages\/724\/revisions"}],"predecessor-version":[{"id":2007,"href":"https:\/\/stellar.sanzza.eu\/index.php?rest_route=\/wp\/v2\/pages\/724\/revisions\/2007"}],"wp:featuredmedia":[{"embeddable":true,"href":"https:\/\/stellar.sanzza.eu\/index.php?rest_route=\/wp\/v2\/media\/737"}],"wp:attachment":[{"href":"https:\/\/stellar.sanzza.eu\/index.php?rest_route=%2Fwp%2Fv2%2Fmedia&parent=724"}],"curies":[{"name":"wp","href":"https:\/\/api.w.org\/{rel}","templated":true}]}}