{"id":1011,"date":"2024-10-08T16:39:01","date_gmt":"2024-10-08T16:39:01","guid":{"rendered":"https:\/\/stellar.sanzza.eu\/?page_id=1011"},"modified":"2024-10-11T10:05:37","modified_gmt":"2024-10-11T10:05:37","slug":"noticias","status":"publish","type":"page","link":"https:\/\/stellar.sanzza.eu\/?page_id=1011","title":{"rendered":"Not\u00edcias"},"content":{"rendered":"\t\t<div data-elementor-type=\"wp-page\" data-elementor-id=\"1011\" class=\"elementor elementor-1011\" data-elementor-post-type=\"page\">\n\t\t\t\t<div class=\"elementor-element elementor-element-c755bf3 e-con-full e-flex e-con e-parent\" data-id=\"c755bf3\" data-element_type=\"container\">\n\t\t<div class=\"elementor-element elementor-element-75da1d2 e-con-full e-flex e-con e-child\" data-id=\"75da1d2\" data-element_type=\"container\">\n\t\t\t\t<\/div>\n\t\t<div class=\"elementor-element elementor-element-30b65f0 e-con-full e-flex e-con e-child\" data-id=\"30b65f0\" data-element_type=\"container\">\n\t\t\t\t<div class=\"elementor-element elementor-element-2d817ad elementor-widget__width-initial elementor-widget-laptop__width-inherit elementor-widget elementor-widget-heading\" data-id=\"2d817ad\" data-element_type=\"widget\" data-widget_type=\"heading.default\">\n\t\t\t\t<div class=\"elementor-widget-container\">\n\t\t\t<h2 class=\"elementor-heading-title elementor-size-default\">Not\u00edcias<\/h2>\t\t<\/div>\n\t\t\t\t<\/div>\n\t\t<div class=\"elementor-element elementor-element-b8b6ab4 e-con-full e-flex e-con e-child\" data-id=\"b8b6ab4\" data-element_type=\"container\">\n\t\t<div class=\"elementor-element elementor-element-75951fc e-con-full e-flex e-con e-child\" data-id=\"75951fc\" data-element_type=\"container\">\n\t\t\t\t<div class=\"elementor-element elementor-element-9b0af4a elementor-widget elementor-widget-jet-smart-filters-radio\" data-id=\"9b0af4a\" data-element_type=\"widget\" data-widget_type=\"jet-smart-filters-radio.default\">\n\t\t\t\t<div class=\"elementor-widget-container\">\n\t\t\t<div class=\"jet-smart-filters-radio jet-filter \" data-indexer-rule=\"show\" data-show-counter=\"\" data-change-counter=\"always\"><div class=\"jet-radio-list\" data-query-type=\"tax_query\" data-query-var=\"category\" data-smart-filter=\"radio\" data-filter-id=\"1004\" data-apply-type=\"ajax\" data-content-provider=\"jet-engine\" data-additional-providers=\"\" data-query-id=\"lista-agenda\" data-active-label=\"Lista Categorias\" data-layout-options=\"{&quot;show_label&quot;:&quot;&quot;,&quot;display_options&quot;:{&quot;show_items_label&quot;:false,&quot;show_decorator&quot;:false,&quot;filter_image_size&quot;:&quot;full&quot;,&quot;show_counter&quot;:false}}\" data-query-var-suffix=\"\" data-apply-on=\"value\"><form class=\"jet-radio-list-wrapper\"><fieldset><legend style=\"display:none;\">Lista Categorias<\/legend><div class=\"jet-radio-list__row jet-filter-row\">\n\t\t<label class=\"jet-radio-list__item\" >\n\t\t<input\n\t\t\ttype=\"radio\"\n\t\t\tclass=\"jet-radio-list__input\"\n\t\t\tname=\"category\"\n\t\t\tvalue=\"all\"\n\t\t\tdata-label=\"Todos\"\n\t\t\taria-label=\"Todos\"\n\t\t\t\t\t>\n\t\t<div class=\"jet-radio-list__button\">\n\t\t\t\t\t\t<span class=\"jet-radio-list__label\">Todos<\/span>\n\t\t\t\t\t<\/div>\n\t<\/label>\n<\/div><div class=\"jet-radio-list__row jet-filter-row\">\n\t\t<label class=\"jet-radio-list__item\" >\n\t\t<input\n\t\t\ttype=\"radio\"\n\t\t\tclass=\"jet-radio-list__input\"\n\t\t\tname=\"category\"\n\t\t\tvalue=\"1\"\n\t\t\tdata-label=\"Alojamento Local\"\n\t\t\taria-label=\"Alojamento Local\"\n\t\t\t\t\t>\n\t\t<div class=\"jet-radio-list__button\">\n\t\t\t\t\t\t<span class=\"jet-radio-list__label\">Alojamento Local<\/span>\n\t\t\t\t\t<\/div>\n\t<\/label>\n<\/div><div class=\"jet-radio-list__row jet-filter-row\">\n\t\t<label class=\"jet-radio-list__item\" >\n\t\t<input\n\t\t\ttype=\"radio\"\n\t\t\tclass=\"jet-radio-list__input\"\n\t\t\tname=\"category\"\n\t\t\tvalue=\"18\"\n\t\t\tdata-label=\"Arquitetura e tend\u00eancias\"\n\t\t\taria-label=\"Arquitetura e tend\u00eancias\"\n\t\t\t\t\t>\n\t\t<div class=\"jet-radio-list__button\">\n\t\t\t\t\t\t<span class=\"jet-radio-list__label\">Arquitetura e tend\u00eancias<\/span>\n\t\t\t\t\t<\/div>\n\t<\/label>\n<\/div><div class=\"jet-radio-list__row jet-filter-row\">\n\t\t<label class=\"jet-radio-list__item\" >\n\t\t<input\n\t\t\ttype=\"radio\"\n\t\t\tclass=\"jet-radio-list__input\"\n\t\t\tname=\"category\"\n\t\t\tvalue=\"17\"\n\t\t\tdata-label=\"Investimento e Fiscalidade\"\n\t\t\taria-label=\"Investimento e Fiscalidade\"\n\t\t\t\t\t>\n\t\t<div class=\"jet-radio-list__button\">\n\t\t\t\t\t\t<span class=\"jet-radio-list__label\">Investimento e Fiscalidade<\/span>\n\t\t\t\t\t<\/div>\n\t<\/label>\n<\/div><div class=\"jet-radio-list__row jet-filter-row\">\n\t\t<label class=\"jet-radio-list__item\" >\n\t\t<input\n\t\t\ttype=\"radio\"\n\t\t\tclass=\"jet-radio-list__input\"\n\t\t\tname=\"category\"\n\t\t\tvalue=\"19\"\n\t\t\tdata-label=\"Mercado imobili\u00e1rio\"\n\t\t\taria-label=\"Mercado imobili\u00e1rio\"\n\t\t\t\t\t>\n\t\t<div class=\"jet-radio-list__button\">\n\t\t\t\t\t\t<span class=\"jet-radio-list__label\">Mercado imobili\u00e1rio<\/span>\n\t\t\t\t\t<\/div>\n\t<\/label>\n<\/div><div class=\"jet-radio-list__row jet-filter-row\">\n\t\t<label class=\"jet-radio-list__item\" >\n\t\t<input\n\t\t\ttype=\"radio\"\n\t\t\tclass=\"jet-radio-list__input\"\n\t\t\tname=\"category\"\n\t\t\tvalue=\"16\"\n\t\t\tdata-label=\"Sobre a Stellar Properties\"\n\t\t\taria-label=\"Sobre a Stellar Properties\"\n\t\t\t\t\t>\n\t\t<div class=\"jet-radio-list__button\">\n\t\t\t\t\t\t<span class=\"jet-radio-list__label\">Sobre a Stellar Properties<\/span>\n\t\t\t\t\t<\/div>\n\t<\/label>\n<\/div><\/fieldset><\/form><\/div>\n<\/div>\t\t<\/div>\n\t\t\t\t<\/div>\n\t\t\t\t<div class=\"elementor-element elementor-element-075a21d elementor-widget elementor-widget-jet-listing-grid\" data-id=\"075a21d\" data-element_type=\"widget\" id=\"lista-agenda\" data-settings=\"{&quot;columns&quot;:&quot;2&quot;,&quot;columns_tablet&quot;:&quot;1&quot;}\" data-widget_type=\"jet-listing-grid.default\">\n\t\t\t\t<div class=\"elementor-widget-container\">\n\t\t\t<div class=\"jet-listing-grid jet-listing\"><div class=\"jet-listing-grid__items grid-col-desk-2 grid-col-tablet-1 grid-col-mobile-1 jet-listing-grid--300\" data-queried-id=\"1011|WP_Post\" data-nav=\"{&quot;enabled&quot;:false,&quot;type&quot;:null,&quot;more_el&quot;:null,&quot;query&quot;:[],&quot;widget_settings&quot;:{&quot;lisitng_id&quot;:300,&quot;posts_num&quot;:6,&quot;columns&quot;:2,&quot;columns_tablet&quot;:1,&quot;columns_mobile&quot;:1,&quot;is_archive_template&quot;:&quot;&quot;,&quot;post_status&quot;:[&quot;publish&quot;],&quot;use_random_posts_num&quot;:&quot;&quot;,&quot;max_posts_num&quot;:9,&quot;not_found_message&quot;:&quot;No data was found&quot;,&quot;is_masonry&quot;:false,&quot;equal_columns_height&quot;:&quot;&quot;,&quot;use_load_more&quot;:&quot;&quot;,&quot;load_more_id&quot;:&quot;&quot;,&quot;load_more_type&quot;:&quot;click&quot;,&quot;load_more_offset&quot;:{&quot;unit&quot;:&quot;px&quot;,&quot;size&quot;:0,&quot;sizes&quot;:[]},&quot;use_custom_post_types&quot;:&quot;&quot;,&quot;custom_post_types&quot;:[],&quot;hide_widget_if&quot;:&quot;&quot;,&quot;carousel_enabled&quot;:&quot;&quot;,&quot;slides_to_scroll&quot;:&quot;1&quot;,&quot;arrows&quot;:&quot;true&quot;,&quot;arrow_icon&quot;:&quot;fa fa-angle-left&quot;,&quot;dots&quot;:&quot;&quot;,&quot;autoplay&quot;:&quot;true&quot;,&quot;pause_on_hover&quot;:&quot;true&quot;,&quot;autoplay_speed&quot;:5000,&quot;infinite&quot;:&quot;true&quot;,&quot;center_mode&quot;:&quot;&quot;,&quot;effect&quot;:&quot;slide&quot;,&quot;speed&quot;:500,&quot;inject_alternative_items&quot;:&quot;&quot;,&quot;injection_items&quot;:[],&quot;scroll_slider_enabled&quot;:&quot;&quot;,&quot;scroll_slider_on&quot;:[&quot;desktop&quot;,&quot;tablet&quot;,&quot;mobile&quot;],&quot;custom_query&quot;:false,&quot;custom_query_id&quot;:&quot;&quot;,&quot;_element_id&quot;:&quot;lista-agenda&quot;}}\" data-page=\"1\" data-pages=\"1\" data-listing-source=\"posts\" data-listing-id=\"300\" data-query-id=\"\"><div class=\"jet-listing-grid__item jet-listing-dynamic-post-296\" data-post-id=\"296\" ><style type=\"text\/css\">.jet-listing-dynamic-post-296 .elementor-element.elementor-element-c95ecce:not(.elementor-motion-effects-element-type-background), .jet-listing-dynamic-post-296 .elementor-element.elementor-element-c95ecce > .elementor-motion-effects-container > .elementor-motion-effects-layer{background-image:url(\"https:\/\/stellar.sanzza.eu\/wp-content\/uploads\/2024\/10\/r-architecture-KQgrVfR3r74-unsplash.png\");}<\/style><div class=\"jet-engine-listing-overlay-wrap\" data-url=\"https:\/\/stellar.sanzza.eu\/?p=296\">\t\t<div data-elementor-type=\"jet-listing-items\" data-elementor-id=\"300\" class=\"elementor elementor-300\" data-elementor-post-type=\"jet-engine\">\n\t\t\t\t<div class=\"elementor-element elementor-element-dc304f1 e-flex e-con-boxed e-con e-parent\" data-id=\"dc304f1\" data-element_type=\"container\">\n\t\t\t\t\t<div class=\"e-con-inner\">\n\t\t<div class=\"elementor-element elementor-element-c95ecce e-con-full imagem-blog e-flex e-con e-child\" data-id=\"c95ecce\" data-element_type=\"container\" data-settings=\"{&quot;background_background&quot;:&quot;classic&quot;}\">\n\t\t\t\t<div class=\"elementor-element elementor-element-d1827bc elementor-view-framed ico-blog-hover e-transform elementor-shape-circle elementor-widget elementor-widget-icon\" data-id=\"d1827bc\" data-element_type=\"widget\" data-settings=\"{&quot;_transform_rotateZ_effect&quot;:{&quot;unit&quot;:&quot;px&quot;,&quot;size&quot;:90,&quot;sizes&quot;:[]},&quot;_transform_rotateZ_effect_laptop&quot;:{&quot;unit&quot;:&quot;deg&quot;,&quot;size&quot;:&quot;&quot;,&quot;sizes&quot;:[]},&quot;_transform_rotateZ_effect_tablet&quot;:{&quot;unit&quot;:&quot;deg&quot;,&quot;size&quot;:&quot;&quot;,&quot;sizes&quot;:[]},&quot;_transform_rotateZ_effect_mobile&quot;:{&quot;unit&quot;:&quot;deg&quot;,&quot;size&quot;:&quot;&quot;,&quot;sizes&quot;:[]}}\" data-widget_type=\"icon.default\">\n\t\t\t\t<div class=\"elementor-widget-container\">\n\t\t\t\t\t<div class=\"elementor-icon-wrapper\">\n\t\t\t<a class=\"elementor-icon\" href=\"#topsite\">\n\t\t\t<svg xmlns=\"http:\/\/www.w3.org\/2000\/svg\" id=\"Camada_2\" viewBox=\"0 0 10 10\"><defs><style>      .cls-1 {        fill: none;        stroke: #e84c23;        stroke-linecap: round;        stroke-linejoin: round;        stroke-width: 2px;      }    <\/style><\/defs><g id=\"Camada_1-2\" data-name=\"Camada_1\"><g id=\"Icon_feather-arrow-left\"><path id=\"Caminho_1\" class=\"cls-1\" d=\"M5,9V1\"><\/path><path id=\"Caminho_2\" class=\"cls-1\" d=\"M1,5L5,1l4,4\"><\/path><\/g><\/g><\/svg>\t\t\t<\/a>\n\t\t<\/div>\n\t\t\t\t<\/div>\n\t\t\t\t<\/div>\n\t\t\t\t<\/div>\n\t\t<div class=\"elementor-element elementor-element-4334a3d e-con-full e-flex e-con e-child\" data-id=\"4334a3d\" data-element_type=\"container\">\n\t\t\t\t<div class=\"elementor-element elementor-element-bf5295e elementor-widget elementor-widget-heading\" data-id=\"bf5295e\" data-element_type=\"widget\" data-widget_type=\"heading.default\">\n\t\t\t\t<div class=\"elementor-widget-container\">\n\t\t\t<h2 class=\"elementor-heading-title elementor-size-default\">1. 11<\/h2>\t\t<\/div>\n\t\t\t\t<\/div>\n\t\t\t\t<div class=\"elementor-element elementor-element-f15c940 elementor-widget__width-initial elementor-widget-tablet__width-initial elementor-widget elementor-widget-heading\" data-id=\"f15c940\" data-element_type=\"widget\" data-widget_type=\"heading.default\">\n\t\t\t\t<div class=\"elementor-widget-container\">\n\t\t\t<h2 class=\"elementor-heading-title elementor-size-default\">Lorem ipsum dolor sit amet, consetetur sadipscing elitr, sed diam nonumy eirmod<\/h2>\t\t<\/div>\n\t\t\t\t<\/div>\n\t\t\t\t<\/div>\n\t\t\t\t\t<\/div>\n\t\t\t\t<\/div>\n\t\t\t\t<\/div>\n\t\t<a href=\"https:\/\/stellar.sanzza.eu\/?p=296\" class=\"jet-engine-listing-overlay-link\"><\/a><\/div><\/div><div class=\"jet-listing-grid__item jet-listing-dynamic-post-295\" data-post-id=\"295\" ><style type=\"text\/css\">.jet-listing-dynamic-post-295 .elementor-element.elementor-element-c95ecce:not(.elementor-motion-effects-element-type-background), .jet-listing-dynamic-post-295 .elementor-element.elementor-element-c95ecce > .elementor-motion-effects-container > .elementor-motion-effects-layer{background-image:url(\"https:\/\/stellar.sanzza.eu\/wp-content\/uploads\/2024\/10\/r-architecture-KQgrVfR3r74-unsplash.png\");}<\/style><div class=\"jet-engine-listing-overlay-wrap\" data-url=\"https:\/\/stellar.sanzza.eu\/?p=295\">\t\t<div data-elementor-type=\"jet-listing-items\" data-elementor-id=\"300\" class=\"elementor elementor-300\" data-elementor-post-type=\"jet-engine\">\n\t\t\t\t<div class=\"elementor-element elementor-element-dc304f1 e-flex e-con-boxed e-con e-parent\" data-id=\"dc304f1\" data-element_type=\"container\">\n\t\t\t\t\t<div class=\"e-con-inner\">\n\t\t<div class=\"elementor-element elementor-element-c95ecce e-con-full imagem-blog e-flex e-con e-child\" data-id=\"c95ecce\" data-element_type=\"container\" data-settings=\"{&quot;background_background&quot;:&quot;classic&quot;}\">\n\t\t\t\t<div class=\"elementor-element elementor-element-d1827bc elementor-view-framed ico-blog-hover e-transform elementor-shape-circle elementor-widget elementor-widget-icon\" data-id=\"d1827bc\" data-element_type=\"widget\" data-settings=\"{&quot;_transform_rotateZ_effect&quot;:{&quot;unit&quot;:&quot;px&quot;,&quot;size&quot;:90,&quot;sizes&quot;:[]},&quot;_transform_rotateZ_effect_laptop&quot;:{&quot;unit&quot;:&quot;deg&quot;,&quot;size&quot;:&quot;&quot;,&quot;sizes&quot;:[]},&quot;_transform_rotateZ_effect_tablet&quot;:{&quot;unit&quot;:&quot;deg&quot;,&quot;size&quot;:&quot;&quot;,&quot;sizes&quot;:[]},&quot;_transform_rotateZ_effect_mobile&quot;:{&quot;unit&quot;:&quot;deg&quot;,&quot;size&quot;:&quot;&quot;,&quot;sizes&quot;:[]}}\" data-widget_type=\"icon.default\">\n\t\t\t\t<div class=\"elementor-widget-container\">\n\t\t\t\t\t<div class=\"elementor-icon-wrapper\">\n\t\t\t<a class=\"elementor-icon\" href=\"#topsite\">\n\t\t\t<svg xmlns=\"http:\/\/www.w3.org\/2000\/svg\" id=\"Camada_2\" viewBox=\"0 0 10 10\"><defs><style>      .cls-1 {        fill: none;        stroke: #e84c23;        stroke-linecap: round;        stroke-linejoin: round;        stroke-width: 2px;      }    <\/style><\/defs><g id=\"Camada_1-2\" data-name=\"Camada_1\"><g id=\"Icon_feather-arrow-left\"><path id=\"Caminho_1\" class=\"cls-1\" d=\"M5,9V1\"><\/path><path id=\"Caminho_2\" class=\"cls-1\" d=\"M1,5L5,1l4,4\"><\/path><\/g><\/g><\/svg>\t\t\t<\/a>\n\t\t<\/div>\n\t\t\t\t<\/div>\n\t\t\t\t<\/div>\n\t\t\t\t<\/div>\n\t\t<div class=\"elementor-element elementor-element-4334a3d e-con-full e-flex e-con e-child\" data-id=\"4334a3d\" data-element_type=\"container\">\n\t\t\t\t<div class=\"elementor-element elementor-element-bf5295e elementor-widget elementor-widget-heading\" data-id=\"bf5295e\" data-element_type=\"widget\" data-widget_type=\"heading.default\">\n\t\t\t\t<div class=\"elementor-widget-container\">\n\t\t\t<h2 class=\"elementor-heading-title elementor-size-default\">1. 11<\/h2>\t\t<\/div>\n\t\t\t\t<\/div>\n\t\t\t\t<div class=\"elementor-element elementor-element-f15c940 elementor-widget__width-initial elementor-widget-tablet__width-initial elementor-widget elementor-widget-heading\" data-id=\"f15c940\" data-element_type=\"widget\" data-widget_type=\"heading.default\">\n\t\t\t\t<div class=\"elementor-widget-container\">\n\t\t\t<h2 class=\"elementor-heading-title elementor-size-default\">Lorem ipsum dolor sit amet, consetetur sadipscing elitr, sed diam nonumy eirmod<\/h2>\t\t<\/div>\n\t\t\t\t<\/div>\n\t\t\t\t<\/div>\n\t\t\t\t\t<\/div>\n\t\t\t\t<\/div>\n\t\t\t\t<\/div>\n\t\t<a href=\"https:\/\/stellar.sanzza.eu\/?p=295\" class=\"jet-engine-listing-overlay-link\"><\/a><\/div><\/div><div class=\"jet-listing-grid__item jet-listing-dynamic-post-294\" data-post-id=\"294\" ><style type=\"text\/css\">.jet-listing-dynamic-post-294 .elementor-element.elementor-element-c95ecce:not(.elementor-motion-effects-element-type-background), .jet-listing-dynamic-post-294 .elementor-element.elementor-element-c95ecce > .elementor-motion-effects-container > .elementor-motion-effects-layer{background-image:url(\"https:\/\/stellar.sanzza.eu\/wp-content\/uploads\/2024\/10\/r-architecture-KQgrVfR3r74-unsplash.png\");}<\/style><div class=\"jet-engine-listing-overlay-wrap\" data-url=\"https:\/\/stellar.sanzza.eu\/?p=294\">\t\t<div data-elementor-type=\"jet-listing-items\" data-elementor-id=\"300\" class=\"elementor elementor-300\" data-elementor-post-type=\"jet-engine\">\n\t\t\t\t<div class=\"elementor-element elementor-element-dc304f1 e-flex e-con-boxed e-con e-parent\" data-id=\"dc304f1\" data-element_type=\"container\">\n\t\t\t\t\t<div class=\"e-con-inner\">\n\t\t<div class=\"elementor-element elementor-element-c95ecce e-con-full imagem-blog e-flex e-con e-child\" data-id=\"c95ecce\" data-element_type=\"container\" data-settings=\"{&quot;background_background&quot;:&quot;classic&quot;}\">\n\t\t\t\t<div class=\"elementor-element elementor-element-d1827bc elementor-view-framed ico-blog-hover e-transform elementor-shape-circle elementor-widget elementor-widget-icon\" data-id=\"d1827bc\" data-element_type=\"widget\" data-settings=\"{&quot;_transform_rotateZ_effect&quot;:{&quot;unit&quot;:&quot;px&quot;,&quot;size&quot;:90,&quot;sizes&quot;:[]},&quot;_transform_rotateZ_effect_laptop&quot;:{&quot;unit&quot;:&quot;deg&quot;,&quot;size&quot;:&quot;&quot;,&quot;sizes&quot;:[]},&quot;_transform_rotateZ_effect_tablet&quot;:{&quot;unit&quot;:&quot;deg&quot;,&quot;size&quot;:&quot;&quot;,&quot;sizes&quot;:[]},&quot;_transform_rotateZ_effect_mobile&quot;:{&quot;unit&quot;:&quot;deg&quot;,&quot;size&quot;:&quot;&quot;,&quot;sizes&quot;:[]}}\" data-widget_type=\"icon.default\">\n\t\t\t\t<div class=\"elementor-widget-container\">\n\t\t\t\t\t<div class=\"elementor-icon-wrapper\">\n\t\t\t<a class=\"elementor-icon\" href=\"#topsite\">\n\t\t\t<svg xmlns=\"http:\/\/www.w3.org\/2000\/svg\" id=\"Camada_2\" viewBox=\"0 0 10 10\"><defs><style>      .cls-1 {        fill: none;        stroke: #e84c23;        stroke-linecap: round;        stroke-linejoin: round;        stroke-width: 2px;      }    <\/style><\/defs><g id=\"Camada_1-2\" data-name=\"Camada_1\"><g id=\"Icon_feather-arrow-left\"><path id=\"Caminho_1\" class=\"cls-1\" d=\"M5,9V1\"><\/path><path id=\"Caminho_2\" class=\"cls-1\" d=\"M1,5L5,1l4,4\"><\/path><\/g><\/g><\/svg>\t\t\t<\/a>\n\t\t<\/div>\n\t\t\t\t<\/div>\n\t\t\t\t<\/div>\n\t\t\t\t<\/div>\n\t\t<div class=\"elementor-element elementor-element-4334a3d e-con-full e-flex e-con e-child\" data-id=\"4334a3d\" data-element_type=\"container\">\n\t\t\t\t<div class=\"elementor-element elementor-element-bf5295e elementor-widget elementor-widget-heading\" data-id=\"bf5295e\" data-element_type=\"widget\" data-widget_type=\"heading.default\">\n\t\t\t\t<div class=\"elementor-widget-container\">\n\t\t\t<h2 class=\"elementor-heading-title elementor-size-default\">1. 11<\/h2>\t\t<\/div>\n\t\t\t\t<\/div>\n\t\t\t\t<div class=\"elementor-element elementor-element-f15c940 elementor-widget__width-initial elementor-widget-tablet__width-initial elementor-widget elementor-widget-heading\" data-id=\"f15c940\" data-element_type=\"widget\" data-widget_type=\"heading.default\">\n\t\t\t\t<div class=\"elementor-widget-container\">\n\t\t\t<h2 class=\"elementor-heading-title elementor-size-default\">Lorem ipsum dolor sit amet, consetetur sadipscing elitr, sed diam nonumy eirmod<\/h2>\t\t<\/div>\n\t\t\t\t<\/div>\n\t\t\t\t<\/div>\n\t\t\t\t\t<\/div>\n\t\t\t\t<\/div>\n\t\t\t\t<\/div>\n\t\t<a href=\"https:\/\/stellar.sanzza.eu\/?p=294\" class=\"jet-engine-listing-overlay-link\"><\/a><\/div><\/div><div class=\"jet-listing-grid__item jet-listing-dynamic-post-291\" data-post-id=\"291\" ><style type=\"text\/css\">.jet-listing-dynamic-post-291 .elementor-element.elementor-element-c95ecce:not(.elementor-motion-effects-element-type-background), .jet-listing-dynamic-post-291 .elementor-element.elementor-element-c95ecce > .elementor-motion-effects-container > .elementor-motion-effects-layer{background-image:url(\"https:\/\/stellar.sanzza.eu\/wp-content\/uploads\/2023\/11\/r-architecture-UpAX8YLpRBM-unsplash1.jpg\");}<\/style><div class=\"jet-engine-listing-overlay-wrap\" data-url=\"https:\/\/stellar.sanzza.eu\/?p=291\">\t\t<div data-elementor-type=\"jet-listing-items\" data-elementor-id=\"300\" class=\"elementor elementor-300\" data-elementor-post-type=\"jet-engine\">\n\t\t\t\t<div class=\"elementor-element elementor-element-dc304f1 e-flex e-con-boxed e-con e-parent\" data-id=\"dc304f1\" data-element_type=\"container\">\n\t\t\t\t\t<div class=\"e-con-inner\">\n\t\t<div class=\"elementor-element elementor-element-c95ecce e-con-full imagem-blog e-flex e-con e-child\" data-id=\"c95ecce\" data-element_type=\"container\" data-settings=\"{&quot;background_background&quot;:&quot;classic&quot;}\">\n\t\t\t\t<div class=\"elementor-element elementor-element-d1827bc elementor-view-framed ico-blog-hover e-transform elementor-shape-circle elementor-widget elementor-widget-icon\" data-id=\"d1827bc\" data-element_type=\"widget\" data-settings=\"{&quot;_transform_rotateZ_effect&quot;:{&quot;unit&quot;:&quot;px&quot;,&quot;size&quot;:90,&quot;sizes&quot;:[]},&quot;_transform_rotateZ_effect_laptop&quot;:{&quot;unit&quot;:&quot;deg&quot;,&quot;size&quot;:&quot;&quot;,&quot;sizes&quot;:[]},&quot;_transform_rotateZ_effect_tablet&quot;:{&quot;unit&quot;:&quot;deg&quot;,&quot;size&quot;:&quot;&quot;,&quot;sizes&quot;:[]},&quot;_transform_rotateZ_effect_mobile&quot;:{&quot;unit&quot;:&quot;deg&quot;,&quot;size&quot;:&quot;&quot;,&quot;sizes&quot;:[]}}\" data-widget_type=\"icon.default\">\n\t\t\t\t<div class=\"elementor-widget-container\">\n\t\t\t\t\t<div class=\"elementor-icon-wrapper\">\n\t\t\t<a class=\"elementor-icon\" href=\"#topsite\">\n\t\t\t<svg xmlns=\"http:\/\/www.w3.org\/2000\/svg\" id=\"Camada_2\" viewBox=\"0 0 10 10\"><defs><style>      .cls-1 {        fill: none;        stroke: #e84c23;        stroke-linecap: round;        stroke-linejoin: round;        stroke-width: 2px;      }    <\/style><\/defs><g id=\"Camada_1-2\" data-name=\"Camada_1\"><g id=\"Icon_feather-arrow-left\"><path id=\"Caminho_1\" class=\"cls-1\" d=\"M5,9V1\"><\/path><path id=\"Caminho_2\" class=\"cls-1\" d=\"M1,5L5,1l4,4\"><\/path><\/g><\/g><\/svg>\t\t\t<\/a>\n\t\t<\/div>\n\t\t\t\t<\/div>\n\t\t\t\t<\/div>\n\t\t\t\t<\/div>\n\t\t<div class=\"elementor-element elementor-element-4334a3d e-con-full e-flex e-con e-child\" data-id=\"4334a3d\" data-element_type=\"container\">\n\t\t\t\t<div class=\"elementor-element elementor-element-bf5295e elementor-widget elementor-widget-heading\" data-id=\"bf5295e\" data-element_type=\"widget\" data-widget_type=\"heading.default\">\n\t\t\t\t<div class=\"elementor-widget-container\">\n\t\t\t<h2 class=\"elementor-heading-title elementor-size-default\">1. 11<\/h2>\t\t<\/div>\n\t\t\t\t<\/div>\n\t\t\t\t<div class=\"elementor-element elementor-element-f15c940 elementor-widget__width-initial elementor-widget-tablet__width-initial elementor-widget elementor-widget-heading\" data-id=\"f15c940\" data-element_type=\"widget\" data-widget_type=\"heading.default\">\n\t\t\t\t<div class=\"elementor-widget-container\">\n\t\t\t<h2 class=\"elementor-heading-title elementor-size-default\">atelier de portim\u00e3o prop\u00f5e nova solu\u00e7\u00e3o de sustentabilidade<\/h2>\t\t<\/div>\n\t\t\t\t<\/div>\n\t\t\t\t<\/div>\n\t\t\t\t\t<\/div>\n\t\t\t\t<\/div>\n\t\t\t\t<\/div>\n\t\t<a href=\"https:\/\/stellar.sanzza.eu\/?p=291\" class=\"jet-engine-listing-overlay-link\"><\/a><\/div><\/div><\/div><\/div>\t\t<\/div>\n\t\t\t\t<\/div>\n\t\t\t\t<\/div>\n\t\t\t\t<\/div>\n\t\t\t\t<\/div>\n\t\t<div class=\"elementor-element elementor-element-5c8fd18 e-con-full e-flex e-con e-child\" data-id=\"5c8fd18\" data-element_type=\"container\">\n\t\t\t\t<\/div>\n\t\t\t\t<\/div>\n\t\t\t\t<\/div>\n\t\t","protected":false},"excerpt":{"rendered":"<p>Not\u00edcias Lista Categorias Todos Alojamento Local Arquitetura e tend\u00eancias Investimento e Fiscalidade Mercado imobili\u00e1rio Sobre a Stellar Properties<\/p>\n","protected":false},"author":1,"featured_media":0,"parent":0,"menu_order":0,"comment_status":"closed","ping_status":"closed","template":"","meta":{"_acf_changed":false,"footnotes":""},"class_list":["post-1011","page","type-page","status-publish","hentry"],"acf":[],"_links":{"self":[{"href":"https:\/\/stellar.sanzza.eu\/index.php?rest_route=\/wp\/v2\/pages\/1011","targetHints":{"allow":["GET"]}}],"collection":[{"href":"https:\/\/stellar.sanzza.eu\/index.php?rest_route=\/wp\/v2\/pages"}],"about":[{"href":"https:\/\/stellar.sanzza.eu\/index.php?rest_route=\/wp\/v2\/types\/page"}],"author":[{"embeddable":true,"href":"https:\/\/stellar.sanzza.eu\/index.php?rest_route=\/wp\/v2\/users\/1"}],"replies":[{"embeddable":true,"href":"https:\/\/stellar.sanzza.eu\/index.php?rest_route=%2Fwp%2Fv2%2Fcomments&post=1011"}],"version-history":[{"count":28,"href":"https:\/\/stellar.sanzza.eu\/index.php?rest_route=\/wp\/v2\/pages\/1011\/revisions"}],"predecessor-version":[{"id":2019,"href":"https:\/\/stellar.sanzza.eu\/index.php?rest_route=\/wp\/v2\/pages\/1011\/revisions\/2019"}],"wp:attachment":[{"href":"https:\/\/stellar.sanzza.eu\/index.php?rest_route=%2Fwp%2Fv2%2Fmedia&parent=1011"}],"curies":[{"name":"wp","href":"https:\/\/api.w.org\/{rel}","templated":true}]}}